{"id":2,"date":"2025-12-27T21:45:50","date_gmt":"2025-12-27T21:45:50","guid":{"rendered":"https:\/\/birkemail.dk\/?page_id=2"},"modified":"2025-12-28T21:20:00","modified_gmt":"2025-12-28T21:20:00","slug":"sample-page","status":"publish","type":"page","link":"https:\/\/birkemail.dk\/","title":{"rendered":"Hjem"},"content":{"rendered":"\t\t<div data-elementor-type=\"wp-page\" data-elementor-id=\"2\" class=\"elementor elementor-2\">\n\t\t\t\t<div class=\"elementor-element elementor-element-b4967ad e-flex e-con-boxed e-con e-parent\" data-id=\"b4967ad\" data-element_type=\"container\">\n\t\t\t\t\t<div class=\"e-con-inner\">\n\t\t\t\t<div class=\"elementor-element elementor-element-8cb0df9 elementor-widget elementor-widget-text-editor\" data-id=\"8cb0df9\" data-element_type=\"widget\" data-widget_type=\"text-editor.default\">\n\t\t\t\t\t\t\t\t\t<div class=\"Preview_row__3Fkye row\">\n<div class=\"Preview_componentWrapper__2i4QI\" data-id=\"C879BBE5-8B84-4A45-AF9F-F1268850B134\" data-kind=\"TEXT\">\n<div class=\"Preview_component__SbiKo text-align-null\" data-in-template=\"false\" data-id=\"C879BBE5-8B84-4A45-AF9F-F1268850B134\" data-kind=\"Component\" data-specific-kind=\"TEXT\">\n<div class=\"styles_contentContainer__lrPIa textnormal styles_text__3jGMu\" data-mve-font-change=\"0\">\n<p class=\"textheading2 mobile-oversized\"><span class=\"textnormal mobile-oversized\">Har du brug for et unikt strengeinstrument? Eller er din ynglingsbanjo, Guitar eller mandolin blot g\u00e5et i stykker? S\u00e5 kontakt undertegnede, s\u00e5 vi kan f\u00e5 dig tilbage i spilbar stand<\/span>.<\/p>\n<\/div>\n<\/div>\n<\/div>\n<\/div>\n<div class=\"Preview_row__3Fkye row\">\n<div class=\"Preview_componentWrapper__2i4QI\" data-id=\"5432B583-A4A9-4AF7-A649-98C1E5F65197\" data-kind=\"TEXT\">\n<div class=\"Preview_component__SbiKo text-align-null\" data-in-template=\"false\" data-id=\"5432B583-A4A9-4AF7-A649-98C1E5F65197\" data-kind=\"Component\" data-specific-kind=\"TEXT\">\n<div class=\"styles_contentContainer__lrPIa textnormal styles_text__3jGMu\" data-mve-font-change=\"0\">\n<p class=\"textnormal\">Alle reparationer udf\u00f8res, til fast aftalt pris.<\/p>\n<\/div>\n<\/div>\n<\/div>\n<\/div>\t\t\t\t\t\t\t\t<\/div>\n\t\t\t\t\t<\/div>\n\t\t\t\t<\/div>\n\t\t<div class=\"elementor-element elementor-element-81d256e e-grid e-con-boxed e-con e-parent\" data-id=\"81d256e\" data-element_type=\"container\">\n\t\t\t\t\t<div class=\"e-con-inner\">\n\t\t\t\t<div class=\"elementor-element elementor-element-06e7e68 elementor-widget elementor-widget-image\" data-id=\"06e7e68\" data-element_type=\"widget\" data-widget_type=\"image.default\">\n\t\t\t\t\t\t\t\t\t\t\t\t\t\t\t<img fetchpriority=\"high\" decoding=\"async\" width=\"1000\" height=\"750\" src=\"https:\/\/birkemail.dk\/wp-content\/uploads\/2025\/12\/i285415639452511013.jpg\" class=\"attachment-large size-large wp-image-89\" alt=\"\" srcset=\"https:\/\/birkemail.dk\/wp-content\/uploads\/2025\/12\/i285415639452511013.jpg 1000w, https:\/\/birkemail.dk\/wp-content\/uploads\/2025\/12\/i285415639452511013-300x225.jpg 300w, https:\/\/birkemail.dk\/wp-content\/uploads\/2025\/12\/i285415639452511013-768x576.jpg 768w\" sizes=\"(max-width: 1000px) 100vw, 1000px\" \/>\t\t\t\t\t\t\t\t\t\t\t\t\t\t\t<\/div>\n\t\t\t\t<div class=\"elementor-element elementor-element-e76eb3c elementor-widget elementor-widget-text-editor\" data-id=\"e76eb3c\" data-element_type=\"widget\" data-widget_type=\"text-editor.default\">\n\t\t\t\t\t\t\t\t\t<div class=\"Preview_row__3Fkye row\">\n<div class=\"Preview_float__1PmYU float\">\n<div class=\"Preview_componentWrapper__2i4QI\" data-id=\"64EF323A-E742-4882-A86D-CC8965C58250\" data-kind=\"TEXT\">\n<div class=\"Preview_component__SbiKo text-align-null\" data-in-template=\"false\" data-id=\"64EF323A-E742-4882-A86D-CC8965C58250\" data-kind=\"Component\" data-specific-kind=\"TEXT\" data-bbox=\"{&quot;top&quot;:89,&quot;left&quot;:20,&quot;right&quot;:700,&quot;bottom&quot;:129}\" data-parent=\"4114C048-0FB0-425C-B20A-7998A58807A2\">\n<div class=\"styles_contentContainer__lrPIa textnormal styles_text__3jGMu\" data-mve-font-change=\"0\">\n<p class=\"textheading2 mobile-oversized\"><span class=\"textnormal\">Kontakt: Hans-J\u00f8rgen Jul<\/span><\/p>\n<\/div>\n<\/div>\n<\/div>\n<\/div>\n<div class=\"Preview_componentWrapper__2i4QI\" data-id=\"E8791507-B5DC-4A11-A532-FFF6704719E8\" data-kind=\"TEXT\">\n<div class=\"Preview_component__SbiKo text-align-null\" data-in-template=\"false\" data-id=\"E8791507-B5DC-4A11-A532-FFF6704719E8\" data-kind=\"Component\" data-specific-kind=\"TEXT\">\n<div class=\"styles_contentContainer__lrPIa textnormal styles_text__3jGMu\" data-mve-font-change=\"0\">\n<p class=\"textheading2 mobile-oversized\"><span class=\"textnormal mobile-oversized\">HJJ- Strengeinstrumenter<\/span><\/p>\n<\/div>\n<\/div>\n<\/div>\n<\/div>\n<div class=\"Preview_row__3Fkye row\">\n<div class=\"Preview_componentWrapper__2i4QI\" data-id=\"F411FDCA-C0C1-4D83-80E9-A6DA70487409\" data-kind=\"TEXT\">\n<div class=\"Preview_component__SbiKo text-align-null\" data-in-template=\"false\" data-id=\"F411FDCA-C0C1-4D83-80E9-A6DA70487409\" data-kind=\"Component\" data-specific-kind=\"TEXT\">\n<div class=\"styles_contentContainer__lrPIa textnormal styles_text__3jGMu\" data-mve-font-change=\"0\">\n<p class=\"textnormal mobile-oversized\"><span class=\"textnormal\">Adresse. Flintingevej 3<\/span><\/p>\n<\/div>\n<\/div>\n<\/div>\n<\/div>\n<div class=\"Preview_row__3Fkye row\">\n<div class=\"Preview_componentWrapper__2i4QI\" data-id=\"561E4331-5EE1-424B-A35E-6792CDAD7894\" data-kind=\"TEXT\">\n<div class=\"Preview_component__SbiKo text-align-null\" data-in-template=\"false\" data-id=\"561E4331-5EE1-424B-A35E-6792CDAD7894\" data-kind=\"Component\" data-specific-kind=\"TEXT\">\n<div class=\"styles_contentContainer__lrPIa textnormal styles_text__3jGMu\" data-mve-font-change=\"0\">\n<p class=\"textnormal mobile-oversized\"><span class=\"textnormal\">2730 Herlev<\/span><\/p>\n<p class=\"textnormal mobile-oversized\">Telefon: +45 40185038<\/p>\n<\/div>\n<\/div>\n<\/div>\n<\/div>\n<div class=\"Preview_row__3Fkye row\">\n<div class=\"Preview_componentWrapper__2i4QI\" data-id=\"C879BBE5-8B84-4A45-AF9F-F1268850B134\" data-kind=\"TEXT\">\n<div class=\"Preview_component__SbiKo text-align-null\" data-in-template=\"false\" data-id=\"C879BBE5-8B84-4A45-AF9F-F1268850B134\" data-kind=\"Component\" data-specific-kind=\"TEXT\">\n<div class=\"styles_contentContainer__lrPIa textnormal styles_text__3jGMu\" data-mve-font-change=\"0\">\n<p class=\"textheading2 mobile-oversized\"><span class=\"textnormal\">mail:\u00a0 hjj.strengeinstrumenter@gmail.com<\/span><\/p>\n<\/div>\n<\/div>\n<\/div>\n<\/div>\t\t\t\t\t\t\t\t<\/div>\n\t\t\t\t\t<\/div>\n\t\t\t\t<\/div>\n\t\t\t\t<\/div>\n\t\t","protected":false},"excerpt":{"rendered":"<p>Har du brug for et unikt strengeinstrument? Eller er din ynglingsbanjo, Guitar eller mandolin blot g\u00e5et i stykker? S\u00e5 kontakt undertegnede, s\u00e5 vi kan f\u00e5 dig tilbage i spilbar stand. Alle reparationer udf\u00f8res, til fast aftalt pris. Kontakt: Hans-J\u00f8rgen Jul HJJ- Strengeinstrumenter Adresse. Flintingevej 3 2730 Herlev Telefon: +45 40185038 mail:\u00a0 hjj.strengeinstrumenter@gmail.com<\/p>\n","protected":false},"author":1,"featured_media":0,"parent":0,"menu_order":1,"comment_status":"closed","ping_status":"open","template":"","meta":{"footnotes":""},"class_list":["post-2","page","type-page","status-publish","hentry"],"_links":{"self":[{"href":"https:\/\/birkemail.dk\/index.php\/wp-json\/wp\/v2\/pages\/2","targetHints":{"allow":["GET"]}}],"collection":[{"href":"https:\/\/birkemail.dk\/index.php\/wp-json\/wp\/v2\/pages"}],"about":[{"href":"https:\/\/birkemail.dk\/index.php\/wp-json\/wp\/v2\/types\/page"}],"author":[{"embeddable":true,"href":"https:\/\/birkemail.dk\/index.php\/wp-json\/wp\/v2\/users\/1"}],"replies":[{"embeddable":true,"href":"https:\/\/birkemail.dk\/index.php\/wp-json\/wp\/v2\/comments?post=2"}],"version-history":[{"count":15,"href":"https:\/\/birkemail.dk\/index.php\/wp-json\/wp\/v2\/pages\/2\/revisions"}],"predecessor-version":[{"id":101,"href":"https:\/\/birkemail.dk\/index.php\/wp-json\/wp\/v2\/pages\/2\/revisions\/101"}],"wp:attachment":[{"href":"https:\/\/birkemail.dk\/index.php\/wp-json\/wp\/v2\/media?parent=2"}],"curies":[{"name":"wp","href":"https:\/\/api.w.org\/{rel}","templated":true}]}}