{"id":41,"date":"2025-12-28T19:01:10","date_gmt":"2025-12-28T19:01:10","guid":{"rendered":"https:\/\/birkemail.dk\/?page_id=41"},"modified":"2025-12-29T20:10:46","modified_gmt":"2025-12-29T20:10:46","slug":"elektrisk-guitar","status":"publish","type":"page","link":"https:\/\/birkemail.dk\/index.php\/elektrisk-guitar\/","title":{"rendered":"Elektrisk guitar"},"content":{"rendered":"\t\t<div data-elementor-type=\"wp-page\" data-elementor-id=\"41\" class=\"elementor elementor-41\">\n\t\t\t\t<div class=\"elementor-element elementor-element-885e94f e-flex e-con-boxed e-con e-parent\" data-id=\"885e94f\" data-element_type=\"container\">\n\t\t\t\t\t<div class=\"e-con-inner\">\n\t\t\t\t<div class=\"elementor-element elementor-element-3aa246c elementor-widget elementor-widget-image\" data-id=\"3aa246c\" data-element_type=\"widget\" data-widget_type=\"image.default\">\n\t\t\t\t\t\t\t\t\t\t\t\t<figure class=\"wp-caption\">\n\t\t\t\t\t\t\t\t\t\t<img fetchpriority=\"high\" decoding=\"async\" width=\"1024\" height=\"576\" src=\"https:\/\/birkemail.dk\/wp-content\/uploads\/2025\/12\/EG1A-1024x576.jpg\" class=\"attachment-large size-large wp-image-103\" alt=\"Elektrisk guitar, hvor kunden selv har tegnet indl\u00e6g til halsen\" srcset=\"https:\/\/birkemail.dk\/wp-content\/uploads\/2025\/12\/EG1A-1024x576.jpg 1024w, https:\/\/birkemail.dk\/wp-content\/uploads\/2025\/12\/EG1A-300x169.jpg 300w, https:\/\/birkemail.dk\/wp-content\/uploads\/2025\/12\/EG1A-768x432.jpg 768w, https:\/\/birkemail.dk\/wp-content\/uploads\/2025\/12\/EG1A-1536x864.jpg 1536w, https:\/\/birkemail.dk\/wp-content\/uploads\/2025\/12\/EG1A-2048x1152.jpg 2048w\" sizes=\"(max-width: 1024px) 100vw, 1024px\" \/>\t\t\t\t\t\t\t\t\t\t\t<figcaption class=\"widget-image-caption wp-caption-text\">Elektrisk guitar, hvor kunden selv har tegnet indl\u00e6g til halsen<\/figcaption>\n\t\t\t\t\t\t\t\t\t\t<\/figure>\n\t\t\t\t\t\t\t\t\t<\/div>\n\t\t\t\t\t<\/div>\n\t\t\t\t<\/div>\n\t\t<div class=\"elementor-element elementor-element-1a49944 e-flex e-con-boxed e-con e-parent\" data-id=\"1a49944\" data-element_type=\"container\">\n\t\t\t\t\t<div class=\"e-con-inner\">\n\t\t\t\t<div class=\"elementor-element elementor-element-926ad6d elementor-widget elementor-widget-image\" data-id=\"926ad6d\" data-element_type=\"widget\" data-widget_type=\"image.default\">\n\t\t\t\t\t\t\t\t\t\t\t\t<figure class=\"wp-caption\">\n\t\t\t\t\t\t\t\t\t\t<img decoding=\"async\" width=\"768\" height=\"768\" src=\"https:\/\/birkemail.dk\/wp-content\/uploads\/2025\/12\/EG2A-768x768.jpg\" class=\"attachment-medium_large size-medium_large wp-image-104\" alt=\"HollowBody guitar med Perlemors Lynl\u00e5s p\u00e5 gribebr\u00e6t\" srcset=\"https:\/\/birkemail.dk\/wp-content\/uploads\/2025\/12\/EG2A-768x768.jpg 768w, https:\/\/birkemail.dk\/wp-content\/uploads\/2025\/12\/EG2A-300x300.jpg 300w, https:\/\/birkemail.dk\/wp-content\/uploads\/2025\/12\/EG2A-150x150.jpg 150w, https:\/\/birkemail.dk\/wp-content\/uploads\/2025\/12\/EG2A.jpg 1000w\" sizes=\"(max-width: 768px) 100vw, 768px\" \/>\t\t\t\t\t\t\t\t\t\t\t<figcaption class=\"widget-image-caption wp-caption-text\">HollowBody guitar med Perlemors Lynl\u00e5s p\u00e5 gribebr\u00e6t<\/figcaption>\n\t\t\t\t\t\t\t\t\t\t<\/figure>\n\t\t\t\t\t\t\t\t\t<\/div>\n\t\t\t\t\t<\/div>\n\t\t\t\t<\/div>\n\t\t<div class=\"elementor-element elementor-element-1930282 e-flex e-con-boxed e-con e-parent\" data-id=\"1930282\" data-element_type=\"container\">\n\t\t\t\t\t<div class=\"e-con-inner\">\n\t\t\t\t<div class=\"elementor-element elementor-element-1ade1f6 elementor-widget elementor-widget-image\" data-id=\"1ade1f6\" data-element_type=\"widget\" data-widget_type=\"image.default\">\n\t\t\t\t\t\t\t\t\t\t\t\t\t\t\t<img decoding=\"async\" width=\"768\" height=\"432\" src=\"https:\/\/birkemail.dk\/wp-content\/uploads\/2025\/12\/EG3A-768x432.jpg\" class=\"attachment-medium_large size-medium_large wp-image-105\" alt=\"\" srcset=\"https:\/\/birkemail.dk\/wp-content\/uploads\/2025\/12\/EG3A-768x432.jpg 768w, https:\/\/birkemail.dk\/wp-content\/uploads\/2025\/12\/EG3A-300x169.jpg 300w, https:\/\/birkemail.dk\/wp-content\/uploads\/2025\/12\/EG3A-1024x576.jpg 1024w, https:\/\/birkemail.dk\/wp-content\/uploads\/2025\/12\/EG3A-1536x864.jpg 1536w, https:\/\/birkemail.dk\/wp-content\/uploads\/2025\/12\/EG3A-2048x1152.jpg 2048w\" sizes=\"(max-width: 768px) 100vw, 768px\" \/>\t\t\t\t\t\t\t\t\t\t\t\t\t\t\t<\/div>\n\t\t\t\t\t<\/div>\n\t\t\t\t<\/div>\n\t\t<div class=\"elementor-element elementor-element-a275158 e-flex e-con-boxed e-con e-parent\" data-id=\"a275158\" data-element_type=\"container\">\n\t\t\t\t\t<div class=\"e-con-inner\">\n\t\t\t\t<div class=\"elementor-element elementor-element-c77a277 elementor-widget elementor-widget-image\" data-id=\"c77a277\" data-element_type=\"widget\" data-widget_type=\"image.default\">\n\t\t\t\t\t\t\t\t\t\t\t\t\t\t\t<img loading=\"lazy\" decoding=\"async\" width=\"1000\" height=\"563\" src=\"https:\/\/birkemail.dk\/wp-content\/uploads\/2025\/12\/EG4A.jpg\" class=\"attachment-large size-large wp-image-106\" alt=\"\" srcset=\"https:\/\/birkemail.dk\/wp-content\/uploads\/2025\/12\/EG4A.jpg 1000w, https:\/\/birkemail.dk\/wp-content\/uploads\/2025\/12\/EG4A-300x169.jpg 300w, https:\/\/birkemail.dk\/wp-content\/uploads\/2025\/12\/EG4A-768x432.jpg 768w\" sizes=\"(max-width: 1000px) 100vw, 1000px\" \/>\t\t\t\t\t\t\t\t\t\t\t\t\t\t\t<\/div>\n\t\t\t\t\t<\/div>\n\t\t\t\t<\/div>\n\t\t<div class=\"elementor-element elementor-element-a6866a0 e-flex e-con-boxed e-con e-parent\" data-id=\"a6866a0\" data-element_type=\"container\">\n\t\t\t\t\t<div class=\"e-con-inner\">\n\t\t\t\t<div class=\"elementor-element elementor-element-b467ab8 elementor-widget elementor-widget-image\" data-id=\"b467ab8\" data-element_type=\"widget\" data-widget_type=\"image.default\">\n\t\t\t\t\t\t\t\t\t\t\t\t\t\t\t<img loading=\"lazy\" decoding=\"async\" width=\"1024\" height=\"576\" src=\"https:\/\/birkemail.dk\/wp-content\/uploads\/2025\/12\/EG5A-1024x576.jpg\" class=\"attachment-large size-large wp-image-107\" alt=\"\" srcset=\"https:\/\/birkemail.dk\/wp-content\/uploads\/2025\/12\/EG5A-1024x576.jpg 1024w, https:\/\/birkemail.dk\/wp-content\/uploads\/2025\/12\/EG5A-300x169.jpg 300w, https:\/\/birkemail.dk\/wp-content\/uploads\/2025\/12\/EG5A-768x432.jpg 768w, https:\/\/birkemail.dk\/wp-content\/uploads\/2025\/12\/EG5A-1536x864.jpg 1536w, https:\/\/birkemail.dk\/wp-content\/uploads\/2025\/12\/EG5A-2048x1152.jpg 2048w\" sizes=\"(max-width: 1024px) 100vw, 1024px\" \/>\t\t\t\t\t\t\t\t\t\t\t\t\t\t\t<\/div>\n\t\t\t\t\t<\/div>\n\t\t\t\t<\/div>\n\t\t<div class=\"elementor-element elementor-element-5f5fa22 e-flex e-con-boxed e-con e-parent\" data-id=\"5f5fa22\" data-element_type=\"container\">\n\t\t\t\t\t<div class=\"e-con-inner\">\n\t\t\t\t<div class=\"elementor-element elementor-element-c2fbd2b elementor-widget elementor-widget-image\" data-id=\"c2fbd2b\" data-element_type=\"widget\" data-widget_type=\"image.default\">\n\t\t\t\t\t\t\t\t\t\t\t\t<figure class=\"wp-caption\">\n\t\t\t\t\t\t\t\t\t\t<img loading=\"lazy\" decoding=\"async\" width=\"768\" height=\"1356\" src=\"https:\/\/birkemail.dk\/wp-content\/uploads\/2025\/12\/EG6A-768x1356.jpg\" class=\"attachment-medium_large size-medium_large wp-image-108\" alt=\"Elektrisk guitar i signaturserien. Kundes signatur indlagt i gribebr\u00e6t i perlemor\" srcset=\"https:\/\/birkemail.dk\/wp-content\/uploads\/2025\/12\/EG6A-768x1356.jpg 768w, https:\/\/birkemail.dk\/wp-content\/uploads\/2025\/12\/EG6A-170x300.jpg 170w, https:\/\/birkemail.dk\/wp-content\/uploads\/2025\/12\/EG6A-580x1024.jpg 580w, https:\/\/birkemail.dk\/wp-content\/uploads\/2025\/12\/EG6A-870x1536.jpg 870w, https:\/\/birkemail.dk\/wp-content\/uploads\/2025\/12\/EG6A.jpg 906w\" sizes=\"(max-width: 768px) 100vw, 768px\" \/>\t\t\t\t\t\t\t\t\t\t\t<figcaption class=\"widget-image-caption wp-caption-text\">Elektrisk guitar i signaturserien. Kundes signatur indlagt i gribebr\u00e6t i perlemor\n\n<\/figcaption>\n\t\t\t\t\t\t\t\t\t\t<\/figure>\n\t\t\t\t\t\t\t\t\t<\/div>\n\t\t\t\t\t<\/div>\n\t\t\t\t<\/div>\n\t\t<div class=\"elementor-element elementor-element-989a8e0 e-flex e-con-boxed e-con e-parent\" data-id=\"989a8e0\" data-element_type=\"container\">\n\t\t\t\t\t<div class=\"e-con-inner\">\n\t\t\t\t<div class=\"elementor-element elementor-element-100601c elementor-widget elementor-widget-image\" data-id=\"100601c\" data-element_type=\"widget\" data-widget_type=\"image.default\">\n\t\t\t\t\t\t\t\t\t\t\t\t<figure class=\"wp-caption\">\n\t\t\t\t\t\t\t\t\t\t<img loading=\"lazy\" decoding=\"async\" width=\"768\" height=\"1070\" src=\"https:\/\/birkemail.dk\/wp-content\/uploads\/2025\/12\/EG7A-768x1070.jpg\" class=\"attachment-medium_large size-medium_large wp-image-109\" alt=\"Elektrisk guitar i signaturserien. Kundes signatur indlagt i gribebr\u00e6t i perlemor\" srcset=\"https:\/\/birkemail.dk\/wp-content\/uploads\/2025\/12\/EG7A-768x1070.jpg 768w, https:\/\/birkemail.dk\/wp-content\/uploads\/2025\/12\/EG7A-215x300.jpg 215w, https:\/\/birkemail.dk\/wp-content\/uploads\/2025\/12\/EG7A-735x1024.jpg 735w, https:\/\/birkemail.dk\/wp-content\/uploads\/2025\/12\/EG7A.jpg 1000w\" sizes=\"(max-width: 768px) 100vw, 768px\" \/>\t\t\t\t\t\t\t\t\t\t\t<figcaption class=\"widget-image-caption wp-caption-text\">Elektrisk guitar i signaturserien. Kundes signatur indlagt i gribebr\u00e6t i perlemor\n\n<\/figcaption>\n\t\t\t\t\t\t\t\t\t\t<\/figure>\n\t\t\t\t\t\t\t\t\t<\/div>\n\t\t\t\t\t<\/div>\n\t\t\t\t<\/div>\n\t\t<div class=\"elementor-element elementor-element-e313f75 e-flex e-con-boxed e-con e-parent\" data-id=\"e313f75\" data-element_type=\"container\">\n\t\t\t\t\t<div class=\"e-con-inner\">\n\t\t\t\t<div class=\"elementor-element elementor-element-69b5792 elementor-widget elementor-widget-image\" data-id=\"69b5792\" data-element_type=\"widget\" data-widget_type=\"image.default\">\n\t\t\t\t\t\t\t\t\t\t\t\t<figure class=\"wp-caption\">\n\t\t\t\t\t\t\t\t\t\t<img loading=\"lazy\" decoding=\"async\" width=\"768\" height=\"1265\" src=\"https:\/\/birkemail.dk\/wp-content\/uploads\/2025\/12\/EG8A-768x1265.jpg\" class=\"attachment-medium_large size-medium_large wp-image-110\" alt=\"Hovedl\u00f8s rejseguitar med aftagelige st\u00e5lb\u00f8jler, s\u00e5 den er nem at fragte\" srcset=\"https:\/\/birkemail.dk\/wp-content\/uploads\/2025\/12\/EG8A-768x1265.jpg 768w, https:\/\/birkemail.dk\/wp-content\/uploads\/2025\/12\/EG8A-182x300.jpg 182w, https:\/\/birkemail.dk\/wp-content\/uploads\/2025\/12\/EG8A-621x1024.jpg 621w, https:\/\/birkemail.dk\/wp-content\/uploads\/2025\/12\/EG8A-932x1536.jpg 932w, https:\/\/birkemail.dk\/wp-content\/uploads\/2025\/12\/EG8A.jpg 971w\" sizes=\"(max-width: 768px) 100vw, 768px\" \/>\t\t\t\t\t\t\t\t\t\t\t<figcaption class=\"widget-image-caption wp-caption-text\">Hovedl\u00f8s rejseguitar med aftagelige st\u00e5lb\u00f8jler, s\u00e5 den er nem at fragte<\/figcaption>\n\t\t\t\t\t\t\t\t\t\t<\/figure>\n\t\t\t\t\t\t\t\t\t<\/div>\n\t\t\t\t\t<\/div>\n\t\t\t\t<\/div>\n\t\t<div class=\"elementor-element elementor-element-d4b1ea8 e-flex e-con-boxed e-con e-parent\" data-id=\"d4b1ea8\" data-element_type=\"container\">\n\t\t\t\t\t<div class=\"e-con-inner\">\n\t\t<div class=\"elementor-element elementor-element-bb60d0a e-con-full e-flex e-con e-child\" data-id=\"bb60d0a\" data-element_type=\"container\">\n\t\t\t\t<div class=\"elementor-element elementor-element-e6df6b1 elementor-arrows-position-inside elementor-pagination-position-outside elementor-widget elementor-widget-image-carousel\" data-id=\"e6df6b1\" data-element_type=\"widget\" data-settings=\"{&quot;slides_to_show&quot;:&quot;1&quot;,&quot;navigation&quot;:&quot;both&quot;,&quot;autoplay&quot;:&quot;yes&quot;,&quot;pause_on_hover&quot;:&quot;yes&quot;,&quot;pause_on_interaction&quot;:&quot;yes&quot;,&quot;autoplay_speed&quot;:5000,&quot;infinite&quot;:&quot;yes&quot;,&quot;effect&quot;:&quot;slide&quot;,&quot;speed&quot;:500}\" data-widget_type=\"image-carousel.default\">\n\t\t\t\t\t\t\t<div class=\"elementor-image-carousel-wrapper swiper\" role=\"region\" aria-roledescription=\"carousel\" aria-label=\"Billedkarussel\" dir=\"ltr\">\n\t\t\t<div class=\"elementor-image-carousel swiper-wrapper swiper-image-stretch\" aria-live=\"off\">\n\t\t\t\t\t\t\t\t<div class=\"swiper-slide\" role=\"group\" aria-roledescription=\"slide\" aria-label=\"1 of 5\"><figure class=\"swiper-slide-inner\"><img decoding=\"async\" class=\"swiper-slide-image\" src=\"https:\/\/birkemail.dk\/wp-content\/uploads\/2025\/12\/EG9A-768x1024.jpg\" alt=\"Der planl\u00e6gges og tegnes\" \/><figcaption class=\"elementor-image-carousel-caption\">Der planl\u00e6gges og tegnes<\/figcaption><\/figure><\/div><div class=\"swiper-slide\" role=\"group\" aria-roledescription=\"slide\" aria-label=\"2 of 5\"><figure class=\"swiper-slide-inner\"><img decoding=\"async\" class=\"swiper-slide-image\" src=\"https:\/\/birkemail.dk\/wp-content\/uploads\/2025\/12\/EG9B.jpg\" alt=\"Og tilsk\u00e6res et stykke ahorn og lidt finer\" \/><figcaption class=\"elementor-image-carousel-caption\">Og tilsk\u00e6res et stykke ahorn og lidt finer<\/figcaption><\/figure><\/div><div class=\"swiper-slide\" role=\"group\" aria-roledescription=\"slide\" aria-label=\"3 of 5\"><figure class=\"swiper-slide-inner\"><img decoding=\"async\" class=\"swiper-slide-image\" src=\"https:\/\/birkemail.dk\/wp-content\/uploads\/2025\/12\/EG9C.jpg\" alt=\"og i l\u00f8bet af ingen tid er der s\u00e5dan en her\" \/><figcaption class=\"elementor-image-carousel-caption\">og i l\u00f8bet af ingen tid er der s\u00e5dan en her<\/figcaption><\/figure><\/div><div class=\"swiper-slide\" role=\"group\" aria-roledescription=\"slide\" aria-label=\"4 of 5\"><figure class=\"swiper-slide-inner\"><img decoding=\"async\" class=\"swiper-slide-image\" src=\"https:\/\/birkemail.dk\/wp-content\/uploads\/2025\/12\/EG9D.jpg\" alt=\"F\u00e6rdig forside\" \/><figcaption class=\"elementor-image-carousel-caption\">F\u00e6rdig forside<\/figcaption><\/figure><\/div><div class=\"swiper-slide\" role=\"group\" aria-roledescription=\"slide\" aria-label=\"5 of 5\"><figure class=\"swiper-slide-inner\"><img decoding=\"async\" class=\"swiper-slide-image\" src=\"https:\/\/birkemail.dk\/wp-content\/uploads\/2025\/12\/EG9E.jpg\" alt=\"F\u00e6rdig bagside\" \/><figcaption class=\"elementor-image-carousel-caption\">F\u00e6rdig bagside<\/figcaption><\/figure><\/div>\t\t\t<\/div>\n\t\t\t\t\t\t\t\t\t\t\t\t<div class=\"elementor-swiper-button elementor-swiper-button-prev\" role=\"button\" tabindex=\"0\">\n\t\t\t\t\t\t<svg aria-hidden=\"true\" class=\"e-font-icon-svg e-eicon-chevron-left\" viewBox=\"0 0 1000 1000\" xmlns=\"http:\/\/www.w3.org\/2000\/svg\"><path d=\"M646 125C629 125 613 133 604 142L308 442C296 454 292 471 292 487 292 504 296 521 308 533L604 854C617 867 629 875 646 875 663 875 679 871 692 858 704 846 713 829 713 812 713 796 708 779 692 767L438 487 692 225C700 217 708 204 708 187 708 171 704 154 692 142 675 129 663 125 646 125Z\"><\/path><\/svg>\t\t\t\t\t<\/div>\n\t\t\t\t\t<div class=\"elementor-swiper-button elementor-swiper-button-next\" role=\"button\" tabindex=\"0\">\n\t\t\t\t\t\t<svg aria-hidden=\"true\" class=\"e-font-icon-svg e-eicon-chevron-right\" viewBox=\"0 0 1000 1000\" xmlns=\"http:\/\/www.w3.org\/2000\/svg\"><path d=\"M696 533C708 521 713 504 713 487 713 471 708 454 696 446L400 146C388 133 375 125 354 125 338 125 325 129 313 142 300 154 292 171 292 187 292 204 296 221 308 233L563 492 304 771C292 783 288 800 288 817 288 833 296 850 308 863 321 871 338 875 354 875 371 875 388 867 400 854L696 533Z\"><\/path><\/svg>\t\t\t\t\t<\/div>\n\t\t\t\t\n\t\t\t\t\t\t\t\t\t<div class=\"swiper-pagination\"><\/div>\n\t\t\t\t\t\t\t\t\t<\/div>\n\t\t\t\t\t\t<\/div>\n\t\t\t\t<\/div>\n\t\t\t\t\t<\/div>\n\t\t\t\t<\/div>\n\t\t\t\t<\/div>\n\t\t","protected":false},"excerpt":{"rendered":"<p>Elektrisk guitar, hvor kunden selv har tegnet indl\u00e6g til halsen HollowBody guitar med Perlemors Lynl\u00e5s p\u00e5 gribebr\u00e6t Elektrisk guitar i signaturserien. Kundes signatur indlagt i gribebr\u00e6t i perlemor Elektrisk guitar i signaturserien. Kundes signatur indlagt i gribebr\u00e6t i perlemor Hovedl\u00f8s rejseguitar med aftagelige st\u00e5lb\u00f8jler, s\u00e5 den er nem at fragte Der planl\u00e6gges og tegnes Og [&hellip;]<\/p>\n","protected":false},"author":1,"featured_media":0,"parent":0,"menu_order":0,"comment_status":"closed","ping_status":"closed","template":"","meta":{"footnotes":""},"class_list":["post-41","page","type-page","status-publish","hentry"],"_links":{"self":[{"href":"https:\/\/birkemail.dk\/index.php\/wp-json\/wp\/v2\/pages\/41","targetHints":{"allow":["GET"]}}],"collection":[{"href":"https:\/\/birkemail.dk\/index.php\/wp-json\/wp\/v2\/pages"}],"about":[{"href":"https:\/\/birkemail.dk\/index.php\/wp-json\/wp\/v2\/types\/page"}],"author":[{"embeddable":true,"href":"https:\/\/birkemail.dk\/index.php\/wp-json\/wp\/v2\/users\/1"}],"replies":[{"embeddable":true,"href":"https:\/\/birkemail.dk\/index.php\/wp-json\/wp\/v2\/comments?post=41"}],"version-history":[{"count":22,"href":"https:\/\/birkemail.dk\/index.php\/wp-json\/wp\/v2\/pages\/41\/revisions"}],"predecessor-version":[{"id":132,"href":"https:\/\/birkemail.dk\/index.php\/wp-json\/wp\/v2\/pages\/41\/revisions\/132"}],"wp:attachment":[{"href":"https:\/\/birkemail.dk\/index.php\/wp-json\/wp\/v2\/media?parent=41"}],"curies":[{"name":"wp","href":"https:\/\/api.w.org\/{rel}","templated":true}]}}